{"id":1239,"date":"2014-05-07T12:20:08","date_gmt":"2014-05-07T11:20:08","guid":{"rendered":"http:\/\/www.andreaeichenberger.com\/?page_id=1239"},"modified":"2023-12-05T11:13:25","modified_gmt":"2023-12-05T10:13:25","slug":"bio","status":"publish","type":"page","link":"http:\/\/www.andreaeichenberger.com\/?page_id=1239","title":{"rendered":"Bio"},"content":{"rendered":"<p><span style=\"color: #333333;\">Nasci em Florian\u00f3polis. Vivo em Paris e trabalho entre o Brasil e a Fran\u00e7a. Ap\u00f3s desenvolver estudos em artes visuais, me dediquei a um doutorado em antropologia visual. A fotografia, a experi\u00eancia do encontro<\/span>,<span style=\"color: #333333;\"> a colabora\u00e7\u00e3o e a participa\u00e7\u00e3o situam-se no centro de minhas pr\u00e1ticas e pesquisas art\u00edsticas.<br \/>\n<\/span><\/p>\n<p><span style=\"color: #333333;\"><b><i>Curriculum vitae <\/i><\/b><\/span><\/p>\n<p><b>EXPOSI\u00c7\u00d5ES INDIVIDUAIS<\/b><\/p>\n<p><span style=\"color: #333333;\"><strong>2023 :<\/strong> Bienal Arte Contempor\u00e2nea e Alojamento Social, Paris, Fran\u00e7a<\/span><\/p>\n<p><span style=\"color: #333333;\"><strong>2022 : <\/strong>Galeria Ponto de Fuga, Curitiba, Brasil<\/span><\/p>\n<p><span style=\"color: #333333;\"><strong>2021\/2022\u00a0: <\/strong>Alliance Fran\u00e7aise Botafogo, Rio de Janeiro, Brasil<\/span><\/p>\n<p><span style=\"color: #333333;\"><strong>2021 :<\/strong> Maison des petits &#8211; Cenquatre-Paris, <\/span><span style=\"color: #333333;\">Fran\u00e7a<\/span><\/p>\n<p><span style=\"color: #333333;\"><b>2021\u00a0: <\/b>Fictions documentaires &#8211; 4\u00e8me \u00e9dition,\u00a0 Carcassonne, Fran\u00e7a<\/span><\/p>\n<p><span style=\"color: #333333;\"><b>2017\u00a0: <\/b>CAL &#8211; Centre d&rsquo;Animation et de Loisirs du Pays du Clermontois, Clermont-de-l&rsquo;Oise, Fran\u00e7a<br \/>\n<\/span><\/p>\n<p><span style=\"color: #333333;\"><b>2016\u00a0: <\/b>Photaumnales, Beauvais, Fran\u00e7a<br \/>\n<\/span><\/p>\n<p><span style=\"color: #333333;\"><b>2016\u00a0: <\/b>MUSA \u2013 Museu de Arte da Universidade Federal do Paran\u00e1, Brasil<\/span><\/p>\n<p><span style=\"color: #333333;\"><strong>2015:<\/strong> Centro Cultural Erico Verissimo, Porto Alegre, Brasil<\/span><\/p>\n<p><span style=\"color: #333333;\"><b>2015:<\/b> Cit\u00e9 de l\u2019Architecture et du Patrimoine \u2013 Cycle Images Cit\u00e9 \u2013 Proje\u00e7\u00e3o e conversa com Michel Poivert e Pascal Dibie \u2013 Paris, Fran\u00e7a<\/span><\/p>\n<p><span style=\"color: #333333;\"><b>2014 : <\/b>Museu da Escola Catarinense (MESC) \u2013 Florian\u00f3polis SC, Brasil<\/span><\/p>\n<p><span style=\"color: #333333;\"><b>2013 :<\/b> Maison du Br\u00e9sil \u2013 Cit\u00e9 Internationale Universitaire de Paris \u2013 Fran\u00e7a<\/span><\/p>\n<p><span style=\"color: #333333;\"><b>2013 :<\/b> Photaumnales &#8211; Ecume du Jour \u2013 Beauvais, Fran\u00e7a<\/span><\/p>\n<p><span style=\"color: #333333;\"><b>2013 :<\/b> Galerie de l\u2019Olivier \u2013 Ollioules, Fran\u00e7a<\/span><\/p>\n<p><span style=\"color: #333333;\"><b>2009 :<\/b> Live Brazil 2009 &#8211; Brazilian Festival \u2013 Wellington, New Zealand<\/span><\/p>\n<p><span style=\"color: #333333;\"><b>2007 : <\/b>Museu Etnogr\u00e1fico Casa dos A\u00e7ores \u2013 Bigua\u00e7u SC, Brasil<\/span><\/p>\n<p><span style=\"color: #333333;\"><b>2006 : <\/b>Galeria da Ponte \u2013 CFH- UFSC \u2013 Florian\u00f3polis SC, Brasil<\/span><\/p>\n<p><span style=\"color: #333333;\"><b>2003 : <\/b>Espa\u00e7o Cultural Alian\u00e7a Francesa \u2013 Florian\u00f3polis SC, Brasil<\/span><\/p>\n<p><span style=\"color: #333333;\"><b>2002 : <\/b>Espa\u00e7o Cultural CASAN \u2013 Florian\u00f3polis SC, Brasil<\/span><\/p>\n<p><span style=\"color: #333333;\"><b>2002 : <\/b>Espa\u00e7o Cultural Alian\u00e7a Francesa \u2013 Florian\u00f3polis SC, Brasil<\/span><\/p>\n<p><b>EXPOSI\u00c7\u00d5ES COLETIVAS<\/b><\/p>\n<p><span style=\"color: #333333;\"><strong>2023 :<\/strong> Maison de la photographie Robert Doisneau &#8211; Hors les murs \/ M\u00e9diath\u00e8que Violette Leduc, Paris, France<\/span><\/p>\n<p><span style=\"color: #333333;\"><strong>2022 : <\/strong>Mus\u00e9e Albert Kahn, Boulogne-Billancourt, Fran\u00e7a<\/span><\/p>\n<p><span style=\"color: #333333;\"><b>2021\u00a0: <\/b>CRP\/ Centre r\u00e9gional de la photographie Hauts-de-France \u2013 Centre Hospitalier de Valenciennes, Fran\u00e7a<br \/>\n<\/span><\/p>\n<p><span style=\"color: #333333;\"><strong>2019:<\/strong> <em>Terra Brazilis : photographes contemporains br\u00e9siliens<\/em>. Galerie du March\u00e9 Dauphine, Saint-Ouen, Fran\u00e7a<\/span><\/p>\n<p><span style=\"color: #333333;\"><strong>2019:<\/strong> <em>Fronteiras em aberto<\/em>. Bienal Internacional de Arte Contempor\u00e2nea de Curitiba \/ Polo SC \/ MASC. Florian\u00f3polis, Brasil<\/span><\/p>\n<p><span style=\"color: #333333;\"><strong>2019:<\/strong> Festival de fotografia de Paranapiacaba, mostra de filmes. Paranapiacaba, Brasil<\/span><\/p>\n<p><span style=\"color: #333333;\"><strong>2019:<\/strong> <em>O ser e a sua natureza. <\/em>Instituto Juarez Machado, Joinville, SC, Brasil<\/span><\/p>\n<p><span style=\"color: #333333;\"><strong>2019 :<\/strong> <em>Frequentar os incorporais: entre o movimento e o sil\u00eancio, <\/em>MASC \u2013 Museu de Arte de Santa Catarina, Florian\u00f3polis, Brasil<\/span><\/p>\n<p><span style=\"color: #333333;\"><b>2018 : <\/b>3<sup>a<\/sup> Bienal de fotografia de P\u00e9kin, CAFA Art Museum, Pequim, China<b> <\/b><\/span><\/p>\n<p><span style=\"color: #333333;\"><b>2018 : <\/b>5<b>\u00b0 <\/b>Verzasca Foto Festival, Sonogno, Sui\u00e7a<\/span><\/p>\n<p><span style=\"color: #333333;\"><b>2018 : <\/b>18\u00b0 Congresso mundial <i>IUAES<\/i> (International Union of Anthropological and Ethnological Sciences)., Florian\u00f3polis, Brasil<\/span><\/p>\n<p><span style=\"color: #333333;\"><b>2018 : <\/b>6<sup>e<\/sup> Triennale de Photographie et Architecture \u2013 Facult\u00e9 d\u2019Architecture La Cambre Horta, Bruxelas, B\u00e9lgica<br \/>\n<\/span><\/p>\n<p><span style=\"color: #333333;\"><b>2017 : <\/b>Archiphoto 2017 (projection) &#8211; La Chambre et Maison europ\u00e9enne de l&rsquo;architecture &#8211; Rhin sup\u00e9rieur, Strasbourg, Fran\u00e7a<\/span><\/p>\n<p><span style=\"color: #333333;\"><b>2017\u00a0:<\/b> BC Foto Festival, Balne\u00e1rio Cambori\u00fa, SC,Brasil<\/span><\/p>\n<p><span style=\"color: #333333;\"><b>2016 : <\/b>Damaged (or not), Volume II \u2013 Occupation d\u2019un atelier d\u2019artiste \u2013 Montrouge, Fran\u00e7a<\/span><\/p>\n<p><span style=\"color: #333333;\"><strong>2016:<\/strong> Life Framer Photography Award, Menier Gallery, Londres, Inglaterra<\/span><\/p>\n<p><span style=\"color: #333333;\"><strong>2015:<\/strong> Life framer photography award, Juraplatz, Bienne, Sui\u00e7a<\/span><\/p>\n<p><span style=\"color: #333333;\"><strong>2015:<\/strong> Le Bleu du Ciel Centre de Photographie Contemporaine, Lyon, Fran\u00e7a<\/span><\/p>\n<p><span style=\"color: #333333;\"><strong>2015:<\/strong> Festival Encontros da Imagem, Noite das proje\u00e7\u00f5es da XXV edi\u00e7\u00e3o \u2013 Power &amp; Illusion &#8211; Braga, Portugal<\/span><\/p>\n<p><span style=\"color: #333333;\"><strong>2015:<\/strong> Damaged (or not) &#8211; Ocupa\u00e7\u00e3o de um apartamento parisiense &#8211; Paris, Fran\u00e7a<\/span><\/p>\n<p><span style=\"color: #333333;\"><b>2015: <\/b>Instituto Internacional Juarez Machado \u2013 Tessituras Contempor\u00e2neas &#8211; Joinville, SC, Brasil<\/span><\/p>\n<p><span style=\"color: #333333;\"><b>2015: <\/b>Focus Photography Festival \u2013 Mumbai, India<\/span><\/p>\n<p><span style=\"color: #333333;\"><b>2015:<\/b> FestFoto, Festival de photographie de Porto Alegre, Br\u00e9sil<\/span><\/p>\n<p><span style=\"color: #333333;\"><b>2015:<\/b> 1st Sino-Latin American Symposium, University of Nottingam, Ningbo, China<\/span><\/p>\n<p><span style=\"color: #333333;\"><b>2015:<\/b> 5\u00b0 Festival de Fotografia de Tiradentes, Foto em Pauta, Minas Gerais, Brasil<\/span><\/p>\n<p><span style=\"color: #333333;\"><strong>2014:<\/strong> Gallery FAB \u2013 University of Missouri \u2013 \u00a0Saint Louis, USA<\/span><\/p>\n<p><span style=\"color: #333333;\"><b>2014\u00a0: <\/b>Museu de Arte de Blumenau \u2013 11\u00b0 Sal\u00e3o Elke Hering &#8211; Mostra Nacional Contempor\u00e2nea de Artes Visuais \u2013 Blumenau, SC, Brasil<\/span><\/p>\n<p><span style=\"color: #333333;\"><b>2014 :<\/b> Ancien Mus\u00e9e de Peinture de Grenoble \u2013 Sur la Route, com Dorothea Lange \u2013 Migrant farmers \u2013 Grenoble, France<\/span><\/p>\n<p><span style=\"color: #333333;\"><strong>2014:<\/strong> 11\u00ba Sal\u00e3o Nacional de Fotografia \u00ab\u00a0P\u00e9rsio Galembeck\u00a0\u00bb &#8211; Araras, SP, Brasil<\/span><\/p>\n<p><span style=\"color: #333333;\"><b>2013 :<\/b> MASC, Museu de Arte de Santa Catarina &#8211; Fotografia(s) contempor\u00e2nea Brasileira: Imagens, Vest\u00edgios, Ru\u00eddos \u2013 Florian\u00f3polis SC, Brasil<\/span><\/p>\n<p><span style=\"color: #333333;\"><b>2013 :<\/b> Festival Internacional Fazendo G\u00eanero 10 \u2013 Florian\u00f3polis SC, Brasil<\/span><\/p>\n<p><span style=\"color: #333333;\"><b>2012 : <\/b>Maison des Photographes, Prix UPP D\u00e9couverte \u2013 Paris, France<\/span><\/p>\n<p><span style=\"color: #333333;\"><b>2011 : <\/b>Festival de Fotografia Floripa na Foto, Interven\u00e7\u00e3o Urbana &#8211; Florian\u00f3polis SC, Brasil<\/span><\/p>\n<p><span style=\"color: #333333;\"><b>2011 : <\/b>Espa\u00e7o Cultural BRDE, Cidades (quase) invis\u00edveis \u2013 Florian\u00f3polis SC, Brasil<\/span><\/p>\n<p><span style=\"color: #333333;\"><b>2011 : <\/b>1\u00b0 Festival Th\u00e9o Brand\u00e3o de\u00a0 Fotografia e Filmes\u00a0 Etnogr\u00e1ficos \u2013 Museu Th\u00e9o Brand\u00e3o \u2013 Alagoas, Brasil<\/span><\/p>\n<p><span style=\"color: #333333;\"><b>2010 : <\/b>Live Brazil 2010 &#8211;\u00a0 Brazilian Festival \u2013 Wellington, New Zealand<\/span><\/p>\n<p><span style=\"color: #333333;\"><b>2010 : <\/b>Auckland Festival of\u00a0 Photography\u00a0 &#8211; Auckland, New Zealand<\/span><\/p>\n<p><span style=\"color: #333333;\"><b>2010 : <\/b>Semin\u00e1rio Internacional Fazendo G\u00eanero 9 \u2013 UFSC, Florian\u00f3polis SC, Brasil<\/span><\/p>\n<p><span style=\"color: #333333;\"><b>2007\u00a0: <\/b>Espa\u00e7o Est\u00e9tico Col\u00e9gio de Aplica\u00e7\u00e3o \u2013 UFSC, Florian\u00f3polis SC, Brasil<\/span><\/p>\n<p><span style=\"color: #333333;\"><b>2006\u00a0: <\/b>Semin\u00e1rio Internacional Fazendo G\u00eanero 7 \u2013 UFSC, Florian\u00f3polis SC, Brasil<\/span><\/p>\n<p><span style=\"color: #333333;\"><b>2005\u00a0: <\/b>Festival Territoire en Images \u2013\u00a0 Institut de G\u00e9ographie de Paris, Fran\u00e7a<\/span><\/p>\n<p><span style=\"color: #333333;\"><b>2004\u00a0: <\/b>Universit\u00e9 Paris 7 \u2013 Paris, Fran\u00e7a<\/span><\/p>\n<p><span style=\"color: #333333;\"><b>2001 : <\/b>Museu de Arte de Santa Catarina (MASC), Circunl\u00f3quio \u2013 Florian\u00f3polis SC, Brasil<\/span><\/p>\n<p><b>PR\u00caMIOS, SUBS\u00cdDIOS E RESID\u00caNCIAS<\/b><\/p>\n<p><span style=\"color: #333333;\"><strong>2023 :<\/strong> Resid\u00eancia art\u00edstica &#8211; Biennale Art contemporaine et Logement Social, France<\/span><\/p>\n<p><span style=\"color: #333333;\"><strong>2022:<\/strong> Indicada ao pr\u00eamio Ni\u00e9pce, Fran\u00e7a<\/span><\/p>\n<p><span style=\"color: #333333;\"><strong>2022:<\/strong> Finalista do pr\u00eamio Marc Ladreit de Lacharri\u00e8re \/ Acad\u00e9mie des beaux-arts, Fran\u00e7a<\/span><\/p>\n<p><span style=\"color: #333333;\"><strong>2021:<\/strong> Resid\u00eancia art\u00edstica &#8211; Centquatre-Paris, Fran\u00e7a<\/span><\/p>\n<p><span style=\"color: #333333;\"><strong>2020:<\/strong> Finalista do pr\u00eamio Marc Ladreit de Lacharri\u00e8re \/ Acad\u00e9mie des beaux-arts, Fran\u00e7a<br \/>\n<\/span><\/p>\n<p><span style=\"color: #333333;\"><strong><strong>2018 :<\/strong> <\/strong>Laureada com o Pr\u00eamio PIXTRAKK\/Photaumnales, Fran<\/span><span style=\"color: #333333;\">\u00e7a<\/span><\/p>\n<p><span style=\"color: #333333;\"><strong>2015:<\/strong> Resid\u00eancia art\u00edstica \u2013 Diaphane P\u00f4le Photographique en Picardie, Beauvais, Fran\u00e7a<\/span><\/p>\n<p><span style=\"color: #333333;\"><b>2014\u00a0: <\/b>Laureada com pr\u00eamio de participa\u00e7\u00e3o no 11\u00b0 Sal\u00e3o Elke Hering &#8211; Mostra Nacional Contempor\u00e2nea de Artes Visuais \u2013 Blumenau, SC, Brazil<\/span><\/p>\n<p><span style=\"color: #333333;\"><b>2013 : <\/b>Laureada com o<b> <\/b>Pr\u00eamio Funarte Mulheres nas Artes Visuais 2013, Brasil<\/span><\/p>\n<p><span style=\"color: #333333;\"><b>2013 : <\/b>Resid\u00eancia art\u00edstica \u2013 Ollioules, Fran\u00e7a<\/span><\/p>\n<p><span style=\"color: #333333;\"><b>2012 : <\/b>Laureada com o Pr\u00eamio de Fotografia UPP\/Dupon D\u00e9couverte 2012 \u2013 Paris, Fran\u00e7a<\/span><\/p>\n<p><span style=\"color: #333333;\"><b>2011 : <\/b>Subs\u00eddio para desenvolvimento de projeto fotogr\u00e1fico proveniente do Instituto Nacional de Coloniza\u00e7\u00e3o e Reforma Agr\u00e1ria \u2013 INCRA, Brasil<\/span><\/p>\n<p><span style=\"color: #333333;\"><b>2006 :\u00a0 <\/b>Laureada com o Pr\u00eamio de melhor narrativa fotogr\u00e1fica. Semin\u00e1rio Internacional Fazendo G\u00eanero 7 \u2013 Universidade Federal de Santa Catarina \u2013 Florian\u00f3polis<\/span><\/p>\n<p><b>COLE\u00c7\u00d5ES<\/b><\/p>\n<p><span style=\"color: #333333;\">BnF\/ <\/span><span style=\"color: #333333;\">Biblioth\u00e8que national de France, Paris, Fran\u00e7a<\/span><\/p>\n<p><span style=\"color: #333333;\">CRP\/ Centre r\u00e9gional de la photographie Hauts-de-France, Douchy-les-Mines, Fran\u00e7a<\/span><\/p>\n<p><span style=\"color: #333333;\">Museu de Arte de Santa Catarina (MASC), Florian\u00f3polis, SC, Brasil<\/span><\/p>\n<p><span style=\"color: #333333;\">Museu da Escola Catarinense (MESC), Florian\u00f3polis, SC, Brasil<\/span><\/p>\n<p><span style=\"color: #333333;\"> Prefeitura de ville d\u2019Ollioules, Fran\u00e7a<\/span><\/p>\n<p><span style=\"color: #333333;\">Casa dos A\u00e7ores &#8211; Museu Etnogr\u00e1fico \u2013 SC, Brasil<\/span><\/p>\n<p><span style=\"color: #333333;\">Museu Th\u00e9o Brand\u00e3o \u2013 Alagoas, Brasil<br \/>\n<\/span><\/p>\n<p><b>FORMA\u00c7\u00c3O E PESQUISA<\/b><\/p>\n<p><span style=\"color: #333333;\"><b>2014<\/b><b><b>-2015<\/b><\/b><b>\u00a0: <\/b>P\u00f3s-doutorado em Antropologia Social \u2013 VU University Amsterdam, Holanda<\/span><\/p>\n<p><span style=\"color: #333333;\"><b>2012-2013 :<\/b> P\u00f3s-doutorado em Fotografia \u2013 Universit\u00e9 Paris 1 Panth\u00e9on Sorbonne, Paris, Fran\u00e7a<\/span><\/p>\n<p><span style=\"color: #333333;\"><b>2006-2011 :<\/b> Doutorado em Antropologia e Sociologia (visual)\u00a0 &#8211; Universit\u00e9 Paris 7, em cotutela de tese com Universidade Federal de Santa Catarina \u2013 UFSC<\/span><\/p>\n<p><span style=\"color: #333333;\"><b>2009-2010 :<\/b> Forma\u00e7\u00e3o em fotografia \u2013 Ecole Sup\u00e9rieure de Photographie \u2013 EFET &#8211; Paris<\/span><\/p>\n<p><span style=\"color: #333333;\"><b>2003-2005:<\/b> Mestrado em Etnologia &#8211; Universit\u00e9 Paris 7<\/span><\/p>\n<p><span style=\"color: #333333;\"><b>1999-2002 :<\/b> Licenciatura em Artes Pl\u00e1sticas \u2013 Universidade do Estado de Santa Catarina \u2013 UDESC, Brasil<\/span><\/p>\n<p><b>GRUPO DE PESQUISA <\/b><b>E ASSOCIA\u00c7\u00c3O<\/b><\/p>\n<p><span style=\"color: #333333;\"><strong>NAVI<\/strong> \u2013 N\u00facleo de antropologia visual e estudos da imagem \u2013 Universidade Federal de Santa Catarina (UFSC), Florian\u00f3polis, SC, Brasil<\/span><\/p>\n<p><span style=\"color: #333333;\"><strong>ARPIA<\/strong> \u2013 Association de Recherche et Production d\u2019Images en Anthropologie et Art \u2013 Paris, France<\/span><\/p>\n<p><span style=\"color: #333333;\">\u00a0<\/span><\/p>\n<p><span style=\"color: #333333;\">\u00a0<\/span><\/p>\n<p><span style=\"color: #333333;\">\u00a0<\/span><\/p>\n<p><span style=\"color: #333333;\">\u00a0<\/span><\/p>\n<p><span style=\"color: #333333;\">\u00a0<\/span><\/p>\n<p><span style=\"color: #333333;\">\u00a0<\/span><\/p>\n","protected":false},"excerpt":{"rendered":"<p>Nasci em Florian\u00f3polis. Vivo em Paris e trabalho entre o Brasil e a Fran\u00e7a. Ap\u00f3s desenvolver estudos em artes visuais, me dediquei a um doutorado em antropologia visual. A fotografia, a experi\u00eancia do encontro, a colabora\u00e7\u00e3o e a participa\u00e7\u00e3o situam-se no centro de minhas pr\u00e1ticas e pesquisas art\u00edsticas. Curriculum vitae EXPOSI\u00c7\u00d5ES INDIVIDUAIS 2023 : Bienal [&hellip;]<\/p>\n","protected":false},"author":1,"featured_media":0,"parent":0,"menu_order":0,"comment_status":"closed","ping_status":"closed","template":"","meta":[],"_links":{"self":[{"href":"http:\/\/www.andreaeichenberger.com\/index.php?rest_route=\/wp\/v2\/pages\/1239"}],"collection":[{"href":"http:\/\/www.andreaeichenberger.com\/index.php?rest_route=\/wp\/v2\/pages"}],"about":[{"href":"http:\/\/www.andreaeichenberger.com\/index.php?rest_route=\/wp\/v2\/types\/page"}],"author":[{"embeddable":true,"href":"http:\/\/www.andreaeichenberger.com\/index.php?rest_route=\/wp\/v2\/users\/1"}],"replies":[{"embeddable":true,"href":"http:\/\/www.andreaeichenberger.com\/index.php?rest_route=%2Fwp%2Fv2%2Fcomments&post=1239"}],"version-history":[{"count":90,"href":"http:\/\/www.andreaeichenberger.com\/index.php?rest_route=\/wp\/v2\/pages\/1239\/revisions"}],"predecessor-version":[{"id":3045,"href":"http:\/\/www.andreaeichenberger.com\/index.php?rest_route=\/wp\/v2\/pages\/1239\/revisions\/3045"}],"wp:attachment":[{"href":"http:\/\/www.andreaeichenberger.com\/index.php?rest_route=%2Fwp%2Fv2%2Fmedia&parent=1239"}],"curies":[{"name":"wp","href":"https:\/\/api.w.org\/{rel}","templated":true}]}}