{"id":1243,"date":"2014-05-07T12:25:52","date_gmt":"2014-05-07T11:25:52","guid":{"rendered":"http:\/\/www.andreaeichenberger.com\/?page_id=1243"},"modified":"2023-12-05T11:10:59","modified_gmt":"2023-12-05T10:10:59","slug":"bio-2","status":"publish","type":"page","link":"http:\/\/www.andreaeichenberger.com\/?page_id=1243","title":{"rendered":"Bio"},"content":{"rendered":"<p><span style=\"color: #333333;\">N\u00e9e \u00e0 Florian\u00f3polis, Br\u00e9sil. Je vis \u00e0 Paris et travaille entre le Br\u00e9sil et la France. Apr\u00e8s des \u00e9tudes d\u2019arts visuels, je me suis consacr\u00e9e \u00e0 un doctorat en anthropologie visuelle. La photographie, l\u2019exp\u00e9rience de la rencontre, la collaboration et la participation sont au c\u0153ur de mes pratiques et recherches artistiques.<\/span><\/p>\n<p><span style=\"color: #333333;\"><b><i>Curriculum Vitae<\/i><\/b><\/span><\/p>\n<p><b>EXPOSITIONS INDIVIDUELLES\u00a0<\/b><span style=\"color: #333333;\"><b><br \/>\n<\/b><\/span><\/p>\n<p><span style=\"color: #333333;\"><strong>2023 :<\/strong> Biennale Art contemporain et Logement Social, Paris, France<\/span><\/p>\n<p><span style=\"color: #333333;\"><strong>2022 : <\/strong>Galeria Ponto de Fuga, Curitiba, Br\u00e9sil<\/span><\/p>\n<p><span style=\"color: #333333;\"><strong>2021\/2022 :\u00a0<\/strong>Alliance Fran\u00e7aise Botafogo, Rio de Janeiro, Br\u00e9sil<\/span><\/p>\n<p><span style=\"color: #333333;\"><b>2021\u00a0: <\/b>Fictions documentaires &#8211; 4\u00e8me \u00e9dition,\u00a0 Carcassonne<\/span><\/p>\n<p><span style=\"color: #333333;\"><b>2017\u00a0: <\/b>CAL &#8211; Centre d&rsquo;Animation et de Loisirs du Pays du Clermontois, Clermont-de-l&rsquo;Oise<\/span><\/p>\n<p><span style=\"color: #333333;\"><b>2016\u00a0: <\/b>Photaumnales, Beauvais, France<br \/>\n<\/span><\/p>\n<p><span style=\"color: #333333;\"><b>2016\u00a0: <\/b>MUSA \u2013 Museu de Arte da Universidade Federal do Paran\u00e1, Br\u00e9sil<\/span><\/p>\n<p><span style=\"color: #333333;\"><strong>2015:<\/strong> Centro Cultural Erico Verissimo, Porto Alegre, Br\u00e9sil<\/span><\/p>\n<p><span style=\"color: #333333;\"><b>2015:<\/b> Cit\u00e9 de l\u2019Architecture et du Patrimoine \u2013 Cycle Images Cit\u00e9 \u2013 Projection et conversation avec Michel Poivert e Pascal Dibie \u2013 Paris, France<\/span><\/p>\n<p><span style=\"color: #333333;\"><b>2014\u00a0: <\/b>Museu da Escola Catarinense (MESC), Florian\u00f3polis, SC, Brazil<\/span><\/p>\n<p><span style=\"color: #333333;\"><b>2013\u00a0:<\/b> Maison du Br\u00e9sil \u2013 Cit\u00e9 Internationale Universitaire \u2013 Paris, France<\/span><\/p>\n<p><span style=\"color: #333333;\"><b>2013\u00a0:<\/b> Photaumnales &#8211; Ecume du Jour \u2013 Beauvais, France<\/span><\/p>\n<p><span style=\"color: #333333;\"><b>2013\u00a0:<\/b> Galerie de l\u2019Olivier \u2013 Ollioules, France<\/span><\/p>\n<p><span style=\"color: #333333;\"><b>2009 : <\/b>Live Brazil 2009 &#8211; Brazilian Festival \u2013 Wellington, New Zealand<\/span><\/p>\n<p><span style=\"color: #333333;\"><b>2007 : <\/b>Museu Etnogr\u00e1fico Casa dos A\u00e7ores \u2013 Bigua\u00e7u, SC, Br\u00e9sil<\/span><\/p>\n<p><span style=\"color: #333333;\"><b>2006 : <\/b>Galeria da Ponte \u2013 CFH- UFSC \u2013 Florian\u00f3polis, Br\u00e9sil<\/span><\/p>\n<p><span style=\"color: #333333;\"><b>2003 : <\/b>Espace culturel Alliance Fran\u00e7aise \u2013 Florian\u00f3polis, Br\u00e9sil<\/span><\/p>\n<p><span style=\"color: #333333;\"><b>2002 : <\/b>Espace Cultural CASAN \u2013 Florian\u00f3polis, Br\u00e9sil \u2028<\/span><\/p>\n<p><span style=\"color: #333333;\"><b>2002\u00a0: <\/b>Espace culturel Alliance Fran\u00e7aise \u2013 Florian\u00f3polis, Br\u00e9sil<\/span><\/p>\n<p><b>EXPOSITIONS COLLECTIVES<\/b><b><\/b><b> <\/b><\/p>\n<p><span style=\"color: #333333;\"><strong>2023 :<\/strong> Maison de la photographie Robert Doisneau &#8211; Hors les murs \/ M\u00e9diath\u00e8que Violette Leduc, Paris, France<\/span><\/p>\n<p><span style=\"color: #333333;\"><strong>2022 : <\/strong>Mus\u00e9e Albert Kahn, Boulogne-Billancourt, France<\/span><\/p>\n<p><span style=\"color: #333333;\"><b>2021\u00a0: <\/b>CRP\/ Centre r\u00e9gional de la photographie Hauts-de-France \u2013 Centre Hospitalier de Valenciennes<\/span><\/p>\n<p><span style=\"color: #333333;\"><strong>2019:<\/strong> <em>Terra Brazilis : photographes contemporains br\u00e9siliens<\/em>. Galerie du March\u00e9 Dauphine, Saint-Ouen, France<\/span><\/p>\n<p><span style=\"color: #333333;\"><strong>2019:<\/strong> <em>Fronteiras em aberto<\/em>. Bienal Internacional de Arte Contempor\u00e2nea de Curitiba \/ Polo SC \/ MASC. Florian\u00f3polis, Br\u00e9sil<\/span><\/p>\n<p><span style=\"color: #333333;\"><strong>2019:<\/strong> Festival de fotografia de Paranapiacaba, mostra de filmes. Paranapiacaba, Br\u00e9sil<\/span><\/p>\n<p><span style=\"color: #333333;\"><strong>2019:<\/strong> <em>O ser e a sua natureza. <\/em>Instituto Juarez Machado, Joinville, SC, Br\u00e9sil<\/span><\/p>\n<p><span style=\"color: #333333;\"><strong>2019 :<\/strong> <em>Frequentar os incorporais: entre o movimento e o sil\u00eancio, <\/em>MASC \u2013 Museu de Arte de Santa Catarina, Florian\u00f3polis, Br\u00e9sil<\/span><\/p>\n<p><span style=\"color: #333333;\"><b>2018 : <\/b>3<sup>e<\/sup> Biennale de photographie de P\u00e9kin, CAFA Art Museum, P\u00e9kin, Chine<b> <\/b><\/span><\/p>\n<p><span style=\"color: #333333;\"><b>2018 : <\/b>5<sup>e<\/sup><b> <\/b>Verzasca Foto Festival, Sonogno, Suisse<\/span><\/p>\n<p><span style=\"color: #333333;\"><b>2018 : <\/b>6<sup>e<\/sup> Triennale de Photographie et Architecture \u2013 Facult\u00e9 d\u2019Architecture La Cambre Horta, Bruxelles<\/span><\/p>\n<p><span style=\"color: #333333;\"><b>2017 : <\/b>Archiphoto 2017 (projection) &#8211; La Chambre et Maison europ\u00e9enne de l&rsquo;architecture &#8211; Rhin sup\u00e9rieur, Strasbourg, France<\/span><\/p>\n<p><span style=\"color: #333333;\"><b>2017\u00a0:<\/b> BC Foto Festival, Balne\u00e1rio Cambori\u00fa, SC,Br\u00e9sil<\/span><\/p>\n<p><span style=\"color: #333333;\"><b>2016 : <\/b>Damaged (or not), Volume II \u2013 Occupation d\u2019un atelier d\u2019artiste \u2013 Montrouge, France<\/span><\/p>\n<p><span style=\"color: #333333;\"><strong>2016:<\/strong> Life Framer Photography Award, Menier Gallery, Londres, Angleterre<\/span><\/p>\n<p><span style=\"color: #333333;\"><strong>2015:<\/strong> Life framer photography award, Juraplatz, Bienne, Suisse<\/span><\/p>\n<p><span style=\"color: #333333;\"><strong>2015:<\/strong> Le Bleu du Ciel Centre de Photographie Contemporaine, Lyon, France<\/span><\/p>\n<p><span style=\"color: #333333;\"><strong>2015:<\/strong> Festival Encontros da Imagem, Nuit des projections de la XXV \u00e9dition \u2013 Power &amp; Illusion &#8211; Braga Portugal<\/span><\/p>\n<p><span style=\"color: #333333;\"><strong>2015:<\/strong> Damaged (or not) &#8211; Occupation d&rsquo;un appartement parisien &#8211; Paris, France<\/span><\/p>\n<p><span style=\"color: #333333;\"><b>2015: <\/b>Mostra SP de Fotografia, S\u00e3o Paulo, Br\u00e9sil<\/span><\/p>\n<p><span style=\"color: #333333;\"><b>2015: <\/b>Instituto Internacional Juarez Machado \u2013 Tessituras Contempor\u00e2neas &#8211; Joinville, SC, Br\u00e9sil<\/span><\/p>\n<p><span style=\"color: #333333;\"><b>2015: <\/b>Focus Photography Festival \u2013 Mumbai, India<\/span><\/p>\n<p><span style=\"color: #333333;\"><b>2015:<\/b> FestFoto, Festival de photographie de Porto Alegre, Br\u00e9sil<\/span><\/p>\n<p><span style=\"color: #333333;\"><b>2015:<\/b> 1st Sino-Latin American Symposium, University of Nottingam, Ningbo, China<\/span><\/p>\n<p><span style=\"color: #333333;\"><b>2015:<\/b> 5\u00b0 Festival de Fotografia de Tiradentes, Foto em Pauta, Minas Gerais, Br\u00e9sil<\/span><\/p>\n<p><span style=\"color: #333333;\"><strong>2014:<\/strong> Gallery FAB \u2013 University of Missouri \u2013 \u00a0Saint Louis, USA<\/span><\/p>\n<p><span style=\"color: #333333;\"><b>2014\u00a0: <\/b>Museu de Arte de Blumenau \u2013 11\u00b0 Sal\u00e3o Elke Hering &#8211; Mostra Nacional Contempor\u00e2nea de Artes Visuais \u2013 Blumenau, SC, Br\u00e9sil<b><\/b><\/span><\/p>\n<p><span style=\"color: #333333;\"><b>2014 :<\/b> Ancien Mus\u00e9e de Peinture de Grenoble \u2013 Sur la Route, avec Dorothea Lange \u2013 Migrant farmers \u2013 Grenoble, France<\/span><\/p>\n<p><span style=\"color: #333333;\"><strong>2014:<\/strong> 11\u00ba Sal\u00e3o Nacional de Fotografia \u00ab\u00a0P\u00e9rsio Galembeck\u00a0\u00bb &#8211; Araras, SP, Br\u00e9sil<\/span><\/p>\n<p><span style=\"color: #333333;\"><b>2013\u00a0: <\/b>Museu de Arte de Santa Catarina (MASC) &#8211;\u00a0 Fotografia(s) contempor\u00e2nea Brasileira\u00a0: Imagens, Vest\u00edgios, Ru\u00eddos &#8211; Florian\u00f3polis, Br\u00e9sil<b> <\/b><\/span><\/p>\n<p><span style=\"color: #333333;\"><b>2013\u00a0:<\/b> Festival Internacional Fazendo G\u00eanero 10 \u2013 Florian\u00f3polis, Br\u00e9sil<\/span><\/p>\n<p><span style=\"color: #333333;\"><b>2012 : <\/b>Maison des Photographes \u2013 Paris, France<\/span><\/p>\n<p><span style=\"color: #333333;\"><b>2011 : <\/b>Festival de Fotografia Floripa na Foto &#8211; Florian\u00f3polis, Br\u00e9sil<\/span><\/p>\n<p><span style=\"color: #333333;\"><b>2011\u00a0:<\/b> Espa\u00e7o Cultural BRDE \u2013 Florian\u00f3polis, Br\u00e9sil<\/span><\/p>\n<p><span style=\"color: #333333;\"><b>2011\u00a0:<\/b> 1\u00b0 Festival Th\u00e9o Brand\u00e3o de Fotografia e Filmes Etnogr\u00e1ficos \u2013 Museu Th\u00e9o Brand\u00e3o \u2013 Alagoas, Br\u00e9sil\u2028<\/span><\/p>\n<p><span style=\"color: #333333;\"><b>2010 : <\/b>Live Brazil 2010 &#8211; Brazilian Festival \u2013 Wellington, New Zealand\u2028<\/span><\/p>\n<p><span style=\"color: #333333;\"><b>2010\u00a0:<\/b> Auckland Festival of Photography \u2013 Auckland, New Zealand<\/span><\/p>\n<p><span style=\"color: #333333;\"><b>2010\u00a0:<\/b> Semin\u00e1rio Internacional Fazendo G\u00eanero 9 \u2013 UFSC, Florian\u00f3polis, Br\u00e9sil<\/span><\/p>\n<p><span style=\"color: #333333;\"><b>2007 <\/b>: Espa\u00e7o Est\u00e9tico Col\u00e9gio de Aplica\u00e7\u00e3o \u2013 UFSC, Florian\u00f3polis, Br\u00e9sil<\/span><\/p>\n<p><span style=\"color: #333333;\"><b>2006 <\/b>: Semin\u00e1rio Internacional Fazendo G\u00eanero 7 \u2013 UFSC, Florian\u00f3polis, Br\u00e9sil<\/span><\/p>\n<p><span style=\"color: #333333;\"><b>2005 <\/b>: Festival Territoire en Images \u2013 Institut de G\u00e9ographie de Paris, France<\/span><\/p>\n<p><span style=\"color: #333333;\"><b>2004 <\/b>: Universit\u00e9 Paris 7 \u2013 Paris, France\u2028<\/span><\/p>\n<p><span style=\"color: #333333;\"><b>2001 : <\/b>Mus\u00e9e d\u2019Art de Santa Catarina \u2013 MASC \u2013 Florian\u00f3polis, Br\u00e9sil<\/span><\/p>\n<p><b>PRIX, BOURSES ET R\u00c9SIDENCES<\/b><\/p>\n<p><span style=\"color: #333333;\"><strong>2023 :<\/strong> R\u00e9sidence artistique &#8211; Biennale Art contemporaine et Logement Social, France<\/span><\/p>\n<p><span style=\"color: #333333;\"><strong>2022 :<\/strong> Nomin\u00e9e au Prix Ni\u00e9pce, France<\/span><\/p>\n<p><span style=\"color: #333333;\"><strong>2022 :<\/strong> Finaliste du Prix Marc Ladreit de Lacharri\u00e8re \/ Acad\u00e9mie des beaux-arts, France<\/span><\/p>\n<p><span style=\"color: #333333;\"><strong>2021 :<\/strong> Residence artistique &#8211; Centquatre-Paris, France<\/span><\/p>\n<p><span style=\"color: #333333;\"><strong>2020 :<\/strong> Finaliste du Prix Marc Ladreit de Lacharri\u00e8re \/ Acad\u00e9mie des beaux-arts, France<br \/>\n<\/span><\/p>\n<p><span style=\"color: #333333;\"><strong>2018 :<\/strong> Prix PIXTRAKK\/Photaumnales, France<\/span><\/p>\n<p><span style=\"color: #333333;\"><strong>2015 :<\/strong> Residence artistique \u2013 Diaphane P\u00f4le Photographique en Picardie, Beauvais, France<\/span><\/p>\n<p><span style=\"color: #333333;\"><b>2014\u00a0: <\/b>Prix de participation au 11\u00b0 Sal\u00e3o Elke Hering &#8211; Mostra Nacional Contempor\u00e2nea de Artes Visuais \u2013 Blumenau, SC, Br\u00e9sil<\/span><\/p>\n<p><span style=\"color: #333333;\"><b>2013 <\/b>: Prix Funarte Mulheres nas Artes Visuais, Minist\u00e8re de la Culture, Br\u00e9sil<\/span><\/p>\n<p><span style=\"color: #333333;\"><b>2013\u00a0: <\/b>R\u00e9sidence artistique \u2013 Ville d\u2019Ollioules, France\u2028<\/span><\/p>\n<p><span style=\"color: #333333;\"><b>2012 <\/b>: Prix UPP\/Dupon d\u00e9couverte 2012 \u2013 Paris, France\u2028<\/span><\/p>\n<p><span style=\"color: #333333;\"><b>2011 <\/b>: Bourse pour la documentation photographique de zones de reforme agraire au sud du Br\u00e9sil \u2013 Institut National de la Reforme Agraire (INCRA)\/ PRONERA \u2013 Universidade Federal de Santa Catarina, Br\u00e9sil\u2028<\/span><\/p>\n<p><span style=\"color: #333333;\"><b>2006 <\/b>: Prix de meilleur r\u00e9cit photographique &#8211; S\u00e9minaire International <i>Fazendo G\u00eanero 7 <\/i>\u2013 Universit\u00e9 F\u00e9d\u00e9rale de Santa Catarina \u2013 Br\u00e9sil <\/span><\/p>\n<p><b>COLLECTIONS<\/b><\/p>\n<p><span style=\"color: #333333;\">BnF\/<\/span> <span style=\"color: #333333;\">Biblioth\u00e8que national de France, Paris, Fran<\/span><span style=\"color: #333333;\">ce<\/span><\/p>\n<p><span style=\"color: #333333;\">CRP\/ Centre r\u00e9gional de la photographie Hauts-de-France, Douchy-les-Mines, Fran<\/span><span style=\"color: #333333;\">ce<\/span><\/p>\n<p><span style=\"color: #333333;\">Museu de Arte de Santa Catarina (MASC), Florian\u00f3polis, SC, Br\u00e9sil<\/span><\/p>\n<p><span style=\"color: #333333;\">Museu da Escola Catarinense (MESC), Florian\u00f3polis, SC, Br\u00e9sil<\/span><\/p>\n<p><span style=\"color: #333333;\">Hotel de ville d\u2019Ollioules, France<\/span><\/p>\n<p><span style=\"color: #333333;\">Museu Etnogr\u00e1fico Casa dos A\u00e7ores \u2013 Bigua\u00e7u, Santa Catarina, Br\u00e9sil<\/span><\/p>\n<p><span style=\"color: #333333;\">Museu Th\u00e9o Brand\u00e3o \u2013 Alagoas, Br\u00e9sil<\/span><\/p>\n<p><b>FORMATION ET RECHERCHE<\/b><\/p>\n<p><span style=\"color: #333333;\"><b>2014<\/b><\/span><span style=\"color: #333333;\"><b>-2015<\/b><\/span><span style=\"color: #333333;\"><b> : <\/b>Post-doctorat en anthropologie sociale \u2013 VU University Amsterdam, Pays Bas<\/span><\/p>\n<p><span style=\"color: #333333;\"><b>2012-2013 <\/b>: Post-doctorat en photographie \u2013 Universit\u00e9 Paris I Panth\u00e9on Sorbonne, Paris, France<\/span><\/p>\n<p><span style=\"color: #333333;\"><b>2006-2011: <\/b>Doctorat en Anthropologie visuelle &#8211; Universit\u00e9 Paris 7 \u2013 Paris \u2013 France en cotutelle avec l\u2019Universidade Federal de Santa Catarina \u2013 Florian\u00f3polis \u2013 Br\u00e9sil<\/span><\/p>\n<p><span style=\"color: #333333;\"><b>2009-2010:<\/b> Photographie \u2013 Ecole Sup\u00e9rieure de Photographie EFET \u2013 Paris, France<\/span><\/p>\n<p><span style=\"color: #333333;\"><b>2004-2005: <\/b>DESS d\u2019ethnologie &#8211; Universit\u00e9 Paris 7 \u2013 Paris \u2013 France<\/span><\/p>\n<p><span style=\"color: #333333;\"><b>2003-2004: <\/b>Ma\u00eetrise d\u2019ethnologie &#8211; Universit\u00e9 Paris 7 \u2013 Paris \u2013 France<\/span><\/p>\n<p><span style=\"color: #333333;\"><b>1999-2002: <\/b>Dipl\u00f4me sup\u00e9rieur d\u2019Arts Plastiques \u2013 Universidade do Estado de Santa Catarina \u2013 Br\u00e9sil<\/span><\/p>\n<p><b>GROUPE DE RECHERCHE <\/b><b>ET ASSOCIATION<\/b><\/p>\n<p><span style=\"color: #333333;\"><strong>NAVI<\/strong> \u2013 N\u00facleo de antropologia visual e estudos da imagem \u2013 Universidade Federal de Santa Catarina (UFSC), Florian\u00f3polis, SC, Brazil <\/span><span style=\"color: #333333;\">(groupe de recherche)<\/span><\/p>\n<p><span style=\"color: #333333;\"><strong>ARPIA<\/strong> \u2013 Association de Recherche et Production d\u2019Images en Anthropologie et Art \u2013 Paris, France<\/span><\/p>\n<p><span style=\"color: #333333;\">\u00a0<\/span><\/p>\n<p><span style=\"color: #333333;\">\u00a0<\/span><\/p>\n<p><span style=\"color: #333333;\">\u00a0<\/span><\/p>\n","protected":false},"excerpt":{"rendered":"<p>N\u00e9e \u00e0 Florian\u00f3polis, Br\u00e9sil. Je vis \u00e0 Paris et travaille entre le Br\u00e9sil et la France. Apr\u00e8s des \u00e9tudes d\u2019arts visuels, je me suis consacr\u00e9e \u00e0 un doctorat en anthropologie visuelle. La photographie, l\u2019exp\u00e9rience de la rencontre, la collaboration et la participation sont au c\u0153ur de mes pratiques et recherches artistiques. Curriculum Vitae EXPOSITIONS INDIVIDUELLES\u00a0 [&hellip;]<\/p>\n","protected":false},"author":1,"featured_media":0,"parent":0,"menu_order":0,"comment_status":"closed","ping_status":"open","template":"","meta":[],"_links":{"self":[{"href":"http:\/\/www.andreaeichenberger.com\/index.php?rest_route=\/wp\/v2\/pages\/1243"}],"collection":[{"href":"http:\/\/www.andreaeichenberger.com\/index.php?rest_route=\/wp\/v2\/pages"}],"about":[{"href":"http:\/\/www.andreaeichenberger.com\/index.php?rest_route=\/wp\/v2\/types\/page"}],"author":[{"embeddable":true,"href":"http:\/\/www.andreaeichenberger.com\/index.php?rest_route=\/wp\/v2\/users\/1"}],"replies":[{"embeddable":true,"href":"http:\/\/www.andreaeichenberger.com\/index.php?rest_route=%2Fwp%2Fv2%2Fcomments&post=1243"}],"version-history":[{"count":80,"href":"http:\/\/www.andreaeichenberger.com\/index.php?rest_route=\/wp\/v2\/pages\/1243\/revisions"}],"predecessor-version":[{"id":3044,"href":"http:\/\/www.andreaeichenberger.com\/index.php?rest_route=\/wp\/v2\/pages\/1243\/revisions\/3044"}],"wp:attachment":[{"href":"http:\/\/www.andreaeichenberger.com\/index.php?rest_route=%2Fwp%2Fv2%2Fmedia&parent=1243"}],"curies":[{"name":"wp","href":"https:\/\/api.w.org\/{rel}","templated":true}]}}